{"id":1567,"date":"2025-10-26T16:23:29","date_gmt":"2025-10-26T14:23:29","guid":{"rendered":"https:\/\/labocca.ee\/events\/"},"modified":"2025-10-29T08:43:59","modified_gmt":"2025-10-29T06:43:59","slug":"events","status":"publish","type":"page","link":"https:\/\/labocca.ee\/en\/events\/","title":{"rendered":"Events"},"content":{"rendered":"\t\t<div data-elementor-type=\"wp-page\" data-elementor-id=\"1567\" class=\"elementor elementor-1567 elementor-1445\" data-elementor-post-type=\"page\">\n\t\t\t\t<div class=\"elementor-element elementor-element-b49bdd1 e-con-full e-flex e-con e-parent\" data-id=\"b49bdd1\" data-element_type=\"container\" data-e-type=\"container\" data-settings=\"{&quot;background_background&quot;:&quot;classic&quot;}\">\n\t\t<div class=\"elementor-element elementor-element-0d48137 e-con-full e-flex e-con e-child\" data-id=\"0d48137\" data-element_type=\"container\" data-e-type=\"container\">\n\t\t\t\t<div class=\"elementor-element elementor-element-fc2b028 elementor-widget elementor-widget-image\" data-id=\"fc2b028\" data-element_type=\"widget\" data-e-type=\"widget\" data-widget_type=\"image.default\">\n\t\t\t\t<div class=\"elementor-widget-container\">\n\t\t\t\t\t\t\t\t\t\t\t\t\t\t\t<img loading=\"lazy\" decoding=\"async\" width=\"586\" height=\"187\" src=\"https:\/\/labocca.ee\/wp-content\/uploads\/2025\/04\/LaBocca_logo_R_valge.svg\" class=\"attachment-large size-large wp-image-843\" alt=\"\" \/>\t\t\t\t\t\t\t\t\t\t\t\t\t\t\t<\/div>\n\t\t\t\t<\/div>\n\t\t\t\t<div class=\"elementor-element elementor-element-0bf22ff animated-slow elementor-invisible elementor-widget elementor-widget-heading\" data-id=\"0bf22ff\" data-element_type=\"widget\" data-e-type=\"widget\" data-settings=\"{&quot;_animation&quot;:&quot;fadeInDown&quot;}\" data-widget_type=\"heading.default\">\n\t\t\t\t<div class=\"elementor-widget-container\">\n\t\t\t\t\t<h1 class=\"elementor-heading-title elementor-size-default\">Host your events at LaBocca!<\/h1>\t\t\t\t<\/div>\n\t\t\t\t<\/div>\n\t\t\t\t<div class=\"elementor-element elementor-element-0b058a6 animated-slow elementor-widget elementor-widget-heading\" data-id=\"0b058a6\" data-element_type=\"widget\" data-e-type=\"widget\" data-settings=\"{&quot;_animation&quot;:&quot;none&quot;}\" data-widget_type=\"heading.default\">\n\t\t\t\t<div class=\"elementor-widget-container\">\n\t\t\t\t\t<h2 class=\"elementor-heading-title elementor-size-default\">Corporate gatherings, birthday celebrations, seminars<\/h2>\t\t\t\t<\/div>\n\t\t\t\t<\/div>\n\t\t\t\t<div class=\"elementor-element elementor-element-6458242 elementor-align-center elementor-widget elementor-widget-button\" data-id=\"6458242\" data-element_type=\"widget\" data-e-type=\"widget\" data-settings=\"{&quot;motion_fx_motion_fx_scrolling&quot;:&quot;yes&quot;,&quot;motion_fx_opacity_effect&quot;:&quot;yes&quot;,&quot;motion_fx_opacity_direction&quot;:&quot;in-out&quot;,&quot;motion_fx_opacity_level&quot;:{&quot;unit&quot;:&quot;px&quot;,&quot;size&quot;:7,&quot;sizes&quot;:[]},&quot;motion_fx_opacity_range&quot;:{&quot;unit&quot;:&quot;%&quot;,&quot;size&quot;:&quot;&quot;,&quot;sizes&quot;:{&quot;start&quot;:70,&quot;end&quot;:90}},&quot;_animation&quot;:&quot;none&quot;,&quot;motion_fx_devices&quot;:[&quot;desktop&quot;,&quot;tablet&quot;,&quot;mobile&quot;]}\" data-widget_type=\"button.default\">\n\t\t\t\t<div class=\"elementor-widget-container\">\n\t\t\t\t\t\t\t\t\t<div class=\"elementor-button-wrapper\">\n\t\t\t\t\t<a class=\"elementor-button elementor-button-link elementor-size-sm elementor-animation-float\" href=\"#offers\">\n\t\t\t\t\t\t<span class=\"elementor-button-content-wrapper\">\n\t\t\t\t\t\t\t\t\t<span class=\"elementor-button-text\">Read more<\/span>\n\t\t\t\t\t<\/span>\n\t\t\t\t\t<\/a>\n\t\t\t\t<\/div>\n\t\t\t\t\t\t\t\t<\/div>\n\t\t\t\t<\/div>\n\t\t\t\t<\/div>\n\t\t\t\t<\/div>\n\t\t<div class=\"elementor-element elementor-element-c4c8b6c e-flex e-con-boxed e-con e-parent\" data-id=\"c4c8b6c\" data-element_type=\"container\" data-e-type=\"container\" id=\"offers\" data-settings=\"{&quot;background_background&quot;:&quot;classic&quot;}\">\n\t\t\t\t\t<div class=\"e-con-inner\">\n\t\t\t\t<div class=\"elementor-element elementor-element-78fc0db elementor-widget elementor-widget-text-editor\" data-id=\"78fc0db\" data-element_type=\"widget\" data-e-type=\"widget\" data-widget_type=\"text-editor.default\">\n\t\t\t\t<div class=\"elementor-widget-container\">\n\t\t\t\t\t\t\t\t\t<p><strong>Whether you are planning a corporate gathering, birthday celebration, seminar, conference, team event or any other special occasion, LaBocca offers an exceptional setting for unforgettable moments.<\/strong><\/p>\t\t\t\t\t\t\t\t<\/div>\n\t\t\t\t<\/div>\n\t\t\t\t\t<\/div>\n\t\t\t\t<\/div>\n\t\t<div class=\"elementor-element elementor-element-8cc9709 e-flex e-con-boxed e-con e-parent\" data-id=\"8cc9709\" data-element_type=\"container\" data-e-type=\"container\" data-settings=\"{&quot;background_background&quot;:&quot;classic&quot;}\">\n\t\t\t\t\t<div class=\"e-con-inner\">\n\t\t\t\t<div class=\"elementor-element elementor-element-61c33eb elementor-widget elementor-widget-gallery\" data-id=\"61c33eb\" data-element_type=\"widget\" data-e-type=\"widget\" data-settings=\"{&quot;gallery_layout&quot;:&quot;masonry&quot;,&quot;columns&quot;:3,&quot;columns_tablet&quot;:3,&quot;gap&quot;:{&quot;unit&quot;:&quot;px&quot;,&quot;size&quot;:25,&quot;sizes&quot;:[]},&quot;columns_mobile&quot;:2,&quot;gap_mobile&quot;:{&quot;unit&quot;:&quot;px&quot;,&quot;size&quot;:8,&quot;sizes&quot;:[]},&quot;lazyload&quot;:&quot;yes&quot;,&quot;gap_tablet&quot;:{&quot;unit&quot;:&quot;px&quot;,&quot;size&quot;:10,&quot;sizes&quot;:[]},&quot;link_to&quot;:&quot;file&quot;,&quot;overlay_background&quot;:&quot;yes&quot;,&quot;content_hover_animation&quot;:&quot;fade-in&quot;}\" data-widget_type=\"gallery.default\">\n\t\t\t\t<div class=\"elementor-widget-container\">\n\t\t\t\t\t\t\t<div class=\"elementor-gallery__container\">\n\t\t\t\t\t\t\t<a class=\"e-gallery-item elementor-gallery-item elementor-animated-content\" href=\"https:\/\/labocca.ee\/wp-content\/uploads\/2025\/10\/d4ee72c9-bc74-465c-95f6-eb3996b010c5.jpg\" data-elementor-open-lightbox=\"yes\" data-elementor-lightbox-slideshow=\"61c33eb\" data-elementor-lightbox-title=\"LaBocca interj\u00f6\u00f6r\" data-e-action-hash=\"#elementor-action%3Aaction%3Dlightbox%26settings%3DeyJpZCI6MTQ1MiwidXJsIjoiaHR0cHM6XC9cL2xhYm9jY2EuZWVcL3dwLWNvbnRlbnRcL3VwbG9hZHNcLzIwMjVcLzEwXC9kNGVlNzJjOS1iYzc0LTQ2NWMtOTVmNi1lYjM5OTZiMDEwYzUuanBnIiwic2xpZGVzaG93IjoiNjFjMzNlYiJ9\">\n\t\t\t\t\t<div class=\"e-gallery-image elementor-gallery-item__image\" data-thumbnail=\"https:\/\/labocca.ee\/wp-content\/uploads\/2025\/10\/d4ee72c9-bc74-465c-95f6-eb3996b010c5.jpg\" data-width=\"1536\" data-height=\"2048\" aria-label=\"LaBocca interj\u00f6\u00f6r\" role=\"img\" ><\/div>\n\t\t\t\t\t\t\t\t\t\t\t<div class=\"elementor-gallery-item__overlay\"><\/div>\n\t\t\t\t\t\t\t\t\t\t\t\t\t\t<\/a>\n\t\t\t\t\t\t\t<a class=\"e-gallery-item elementor-gallery-item elementor-animated-content\" href=\"https:\/\/labocca.ee\/wp-content\/uploads\/2025\/10\/labocca-pidu-5.png\" data-elementor-open-lightbox=\"yes\" data-elementor-lightbox-slideshow=\"61c33eb\" data-elementor-lightbox-title=\"\u00dcritused LaBoccas, kasv\u00f5i b\u00e4ndiga.\" data-e-action-hash=\"#elementor-action%3Aaction%3Dlightbox%26settings%3DeyJpZCI6MTQ2MCwidXJsIjoiaHR0cHM6XC9cL2xhYm9jY2EuZWVcL3dwLWNvbnRlbnRcL3VwbG9hZHNcLzIwMjVcLzEwXC9sYWJvY2NhLXBpZHUtNS5wbmciLCJzbGlkZXNob3ciOiI2MWMzM2ViIn0%3D\">\n\t\t\t\t\t<div class=\"e-gallery-image elementor-gallery-item__image\" data-thumbnail=\"https:\/\/labocca.ee\/wp-content\/uploads\/2025\/10\/labocca-pidu-5.png\" data-width=\"1912\" data-height=\"1198\" aria-label=\"\u00dcritused LaBoccas, kasv\u00f5i b\u00e4ndiga.\" role=\"img\" ><\/div>\n\t\t\t\t\t\t\t\t\t\t\t<div class=\"elementor-gallery-item__overlay\"><\/div>\n\t\t\t\t\t\t\t\t\t\t\t\t\t\t<\/a>\n\t\t\t\t\t\t\t<a class=\"e-gallery-item elementor-gallery-item elementor-animated-content\" href=\"https:\/\/labocca.ee\/wp-content\/uploads\/2025\/10\/Labocca-reformipidu-1.png\" data-elementor-open-lightbox=\"yes\" data-elementor-lightbox-slideshow=\"61c33eb\" data-elementor-lightbox-title=\"Sinu pidu LaBoccas\" data-e-action-hash=\"#elementor-action%3Aaction%3Dlightbox%26settings%3DeyJpZCI6MTQ2NCwidXJsIjoiaHR0cHM6XC9cL2xhYm9jY2EuZWVcL3dwLWNvbnRlbnRcL3VwbG9hZHNcLzIwMjVcLzEwXC9MYWJvY2NhLXJlZm9ybWlwaWR1LTEucG5nIiwic2xpZGVzaG93IjoiNjFjMzNlYiJ9\">\n\t\t\t\t\t<div class=\"e-gallery-image elementor-gallery-item__image\" data-thumbnail=\"https:\/\/labocca.ee\/wp-content\/uploads\/2025\/10\/Labocca-reformipidu-1.png\" data-width=\"1912\" data-height=\"1150\" aria-label=\"Sinu pidu LaBoccas\" role=\"img\" ><\/div>\n\t\t\t\t\t\t\t\t\t\t\t<div class=\"elementor-gallery-item__overlay\"><\/div>\n\t\t\t\t\t\t\t\t\t\t\t\t\t\t<\/a>\n\t\t\t\t\t\t\t<a class=\"e-gallery-item elementor-gallery-item elementor-animated-content\" href=\"https:\/\/labocca.ee\/wp-content\/uploads\/2025\/10\/DSC09065.jpg\" data-elementor-open-lightbox=\"yes\" data-elementor-lightbox-slideshow=\"61c33eb\" data-elementor-lightbox-title=\"Korralda s\u00fcnnip\u00e4ev LaBoccas!\" data-e-action-hash=\"#elementor-action%3Aaction%3Dlightbox%26settings%3DeyJpZCI6MTQ1NCwidXJsIjoiaHR0cHM6XC9cL2xhYm9jY2EuZWVcL3dwLWNvbnRlbnRcL3VwbG9hZHNcLzIwMjVcLzEwXC9EU0MwOTA2NS5qcGciLCJzbGlkZXNob3ciOiI2MWMzM2ViIn0%3D\">\n\t\t\t\t\t<div class=\"e-gallery-image elementor-gallery-item__image\" data-thumbnail=\"https:\/\/labocca.ee\/wp-content\/uploads\/2025\/10\/DSC09065.jpg\" data-width=\"2048\" data-height=\"1365\" aria-label=\"Korralda s\u00fcnnip\u00e4ev LaBoccas!\" role=\"img\" ><\/div>\n\t\t\t\t\t\t\t\t\t\t\t<div class=\"elementor-gallery-item__overlay\"><\/div>\n\t\t\t\t\t\t\t\t\t\t\t\t\t\t<\/a>\n\t\t\t\t\t\t\t<a class=\"e-gallery-item elementor-gallery-item elementor-animated-content\" href=\"https:\/\/labocca.ee\/wp-content\/uploads\/2025\/10\/Labocca-avamine-2-1.png\" data-elementor-open-lightbox=\"yes\" data-elementor-lightbox-slideshow=\"61c33eb\" data-elementor-lightbox-title=\"Korralda \u00fcritus LaBoccas!\" data-e-action-hash=\"#elementor-action%3Aaction%3Dlightbox%26settings%3DeyJpZCI6MTQ1NiwidXJsIjoiaHR0cHM6XC9cL2xhYm9jY2EuZWVcL3dwLWNvbnRlbnRcL3VwbG9hZHNcLzIwMjVcLzEwXC9MYWJvY2NhLWF2YW1pbmUtMi0xLnBuZyIsInNsaWRlc2hvdyI6IjYxYzMzZWIifQ%3D%3D\">\n\t\t\t\t\t<div class=\"e-gallery-image elementor-gallery-item__image\" data-thumbnail=\"https:\/\/labocca.ee\/wp-content\/uploads\/2025\/10\/Labocca-avamine-2-1.png\" data-width=\"1731\" data-height=\"1224\" aria-label=\"Korralda \u00fcritus LaBoccas!\" role=\"img\" ><\/div>\n\t\t\t\t\t\t\t\t\t\t\t<div class=\"elementor-gallery-item__overlay\"><\/div>\n\t\t\t\t\t\t\t\t\t\t\t\t\t\t<\/a>\n\t\t\t\t\t\t\t<a class=\"e-gallery-item elementor-gallery-item elementor-animated-content\" href=\"https:\/\/labocca.ee\/wp-content\/uploads\/2025\/10\/Labocca-avamine.png\" data-elementor-open-lightbox=\"yes\" data-elementor-lightbox-slideshow=\"61c33eb\" data-elementor-lightbox-title=\"Pidu LaBoccas\" data-e-action-hash=\"#elementor-action%3Aaction%3Dlightbox%26settings%3DeyJpZCI6MTQ1OCwidXJsIjoiaHR0cHM6XC9cL2xhYm9jY2EuZWVcL3dwLWNvbnRlbnRcL3VwbG9hZHNcLzIwMjVcLzEwXC9MYWJvY2NhLWF2YW1pbmUucG5nIiwic2xpZGVzaG93IjoiNjFjMzNlYiJ9\">\n\t\t\t\t\t<div class=\"e-gallery-image elementor-gallery-item__image\" data-thumbnail=\"https:\/\/labocca.ee\/wp-content\/uploads\/2025\/10\/Labocca-avamine.png\" data-width=\"1990\" data-height=\"1314\" aria-label=\"Pidu LaBoccas\" role=\"img\" ><\/div>\n\t\t\t\t\t\t\t\t\t\t\t<div class=\"elementor-gallery-item__overlay\"><\/div>\n\t\t\t\t\t\t\t\t\t\t\t\t\t\t<\/a>\n\t\t\t\t\t\t\t<a class=\"e-gallery-item elementor-gallery-item elementor-animated-content\" href=\"https:\/\/labocca.ee\/wp-content\/uploads\/2025\/10\/Labocca-pidu.png\" data-elementor-open-lightbox=\"yes\" data-elementor-lightbox-slideshow=\"61c33eb\" data-elementor-lightbox-title=\"DJ LaBoccas\" data-e-action-hash=\"#elementor-action%3Aaction%3Dlightbox%26settings%3DeyJpZCI6MTQ2MiwidXJsIjoiaHR0cHM6XC9cL2xhYm9jY2EuZWVcL3dwLWNvbnRlbnRcL3VwbG9hZHNcLzIwMjVcLzEwXC9MYWJvY2NhLXBpZHUucG5nIiwic2xpZGVzaG93IjoiNjFjMzNlYiJ9\">\n\t\t\t\t\t<div class=\"e-gallery-image elementor-gallery-item__image\" data-thumbnail=\"https:\/\/labocca.ee\/wp-content\/uploads\/2025\/10\/Labocca-pidu.png\" data-width=\"1902\" data-height=\"1314\" aria-label=\"DJ LaBoccas\" role=\"img\" ><\/div>\n\t\t\t\t\t\t\t\t\t\t\t<div class=\"elementor-gallery-item__overlay\"><\/div>\n\t\t\t\t\t\t\t\t\t\t\t\t\t\t<\/a>\n\t\t\t\t\t\t\t<a class=\"e-gallery-item elementor-gallery-item elementor-animated-content\" href=\"https:\/\/labocca.ee\/wp-content\/uploads\/2025\/10\/Labocca-reformipidu-3.png\" data-elementor-open-lightbox=\"yes\" data-elementor-lightbox-slideshow=\"61c33eb\" data-elementor-lightbox-title=\"Pidu LaBoccas\" data-e-action-hash=\"#elementor-action%3Aaction%3Dlightbox%26settings%3DeyJpZCI6MTQ2NiwidXJsIjoiaHR0cHM6XC9cL2xhYm9jY2EuZWVcL3dwLWNvbnRlbnRcL3VwbG9hZHNcLzIwMjVcLzEwXC9MYWJvY2NhLXJlZm9ybWlwaWR1LTMucG5nIiwic2xpZGVzaG93IjoiNjFjMzNlYiJ9\">\n\t\t\t\t\t<div class=\"e-gallery-image elementor-gallery-item__image\" data-thumbnail=\"https:\/\/labocca.ee\/wp-content\/uploads\/2025\/10\/Labocca-reformipidu-3.png\" data-width=\"1860\" data-height=\"1182\" aria-label=\"Pidu LaBoccas\" role=\"img\" ><\/div>\n\t\t\t\t\t\t\t\t\t\t\t<div class=\"elementor-gallery-item__overlay\"><\/div>\n\t\t\t\t\t\t\t\t\t\t\t\t\t\t<\/a>\n\t\t\t\t\t<\/div>\n\t\t\t\t\t<\/div>\n\t\t\t\t<\/div>\n\t\t\t\t\t<\/div>\n\t\t\t\t<\/div>\n\t\t<div class=\"elementor-element elementor-element-5bd5002 e-flex e-con-boxed e-con e-parent\" data-id=\"5bd5002\" data-element_type=\"container\" data-e-type=\"container\" data-settings=\"{&quot;background_background&quot;:&quot;classic&quot;}\">\n\t\t\t\t\t<div class=\"e-con-inner\">\n\t\t<div class=\"elementor-element elementor-element-26f9424 e-con-full e-flex e-con e-child\" data-id=\"26f9424\" data-element_type=\"container\" data-e-type=\"container\">\n\t\t\t\t<div class=\"elementor-element elementor-element-5a4b2e4 elementor-widget elementor-widget-heading\" data-id=\"5a4b2e4\" data-element_type=\"widget\" data-e-type=\"widget\" data-settings=\"{&quot;_animation&quot;:&quot;none&quot;}\" data-widget_type=\"heading.default\">\n\t\t\t\t<div class=\"elementor-widget-container\">\n\t\t\t\t\t<h3 class=\"elementor-heading-title elementor-size-default\">Our restaurant can comfortably seat up to 230 guests,<\/h3>\t\t\t\t<\/div>\n\t\t\t\t<\/div>\n\t\t\t\t<\/div>\n\t\t<div class=\"elementor-element elementor-element-18ca8cb e-con-full e-flex e-con e-child\" data-id=\"18ca8cb\" data-element_type=\"container\" data-e-type=\"container\">\n\t\t\t\t<div class=\"elementor-element elementor-element-d07224e elementor-widget elementor-widget-text-editor\" data-id=\"d07224e\" data-element_type=\"widget\" data-e-type=\"widget\" data-widget_type=\"text-editor.default\">\n\t\t\t\t<div class=\"elementor-widget-container\">\n\t\t\t\t\t\t\t\t\t<div role=\"presentation\"><p>  but if you prefer something more private, our Chimney Room is ideal for up to 70 people. In the summer, we have also hosted more than 600 people at the upright leg event.  <\/p><\/div>\t\t\t\t\t\t\t\t<\/div>\n\t\t\t\t<\/div>\n\t\t\t\t<div class=\"elementor-element elementor-element-c28c1b3 elementor-widget elementor-widget-heading\" data-id=\"c28c1b3\" data-element_type=\"widget\" data-e-type=\"widget\" data-settings=\"{&quot;_animation&quot;:&quot;none&quot;}\" data-widget_type=\"heading.default\">\n\t\t\t\t<div class=\"elementor-widget-container\">\n\t\t\t\t\t<h3 class=\"elementor-heading-title elementor-size-default\">Looking for something extra special?<\/h3>\t\t\t\t<\/div>\n\t\t\t\t<\/div>\n\t\t\t\t<div class=\"elementor-element elementor-element-92464cf elementor-widget elementor-widget-text-editor\" data-id=\"92464cf\" data-element_type=\"widget\" data-e-type=\"widget\" data-widget_type=\"text-editor.default\">\n\t\t\t\t<div class=\"elementor-widget-container\">\n\t\t\t\t\t\t\t\t\t<p><strong>Whether it\u2019s a live band, DJ, photo wall or any other entertainment idea, just let us know and we will help bring your vision to life.<\/strong><\/p>\t\t\t\t\t\t\t\t<\/div>\n\t\t\t\t<\/div>\n\t\t\t\t<div class=\"elementor-element elementor-element-3e6ef4a elementor-widget elementor-widget-text-editor\" data-id=\"3e6ef4a\" data-element_type=\"widget\" data-e-type=\"widget\" data-widget_type=\"text-editor.default\">\n\t\t\t\t<div class=\"elementor-widget-container\">\n\t\t\t\t\t\t\t\t\t<p><strong>All you need to do is enjoy the celebration \u2013 we will take care of everything else.<\/strong><\/p>\t\t\t\t\t\t\t\t<\/div>\n\t\t\t\t<\/div>\n\t\t\t\t<div class=\"elementor-element elementor-element-e65359e elementor-widget elementor-widget-image\" data-id=\"e65359e\" data-element_type=\"widget\" data-e-type=\"widget\" data-widget_type=\"image.default\">\n\t\t\t\t<div class=\"elementor-widget-container\">\n\t\t\t\t\t\t\t\t\t\t\t\t\t\t\t<img loading=\"lazy\" decoding=\"async\" width=\"800\" height=\"234\" src=\"https:\/\/labocca.ee\/wp-content\/uploads\/2025\/10\/LaBocca-rong@4x-3000x879.png\" class=\"attachment-large size-large wp-image-1374\" alt=\"\" srcset=\"https:\/\/labocca.ee\/wp-content\/uploads\/2025\/10\/LaBocca-rong@4x-3000x879.png 3000w, https:\/\/labocca.ee\/wp-content\/uploads\/2025\/10\/LaBocca-rong@4x-300x88.png 300w, https:\/\/labocca.ee\/wp-content\/uploads\/2025\/10\/LaBocca-rong@4x-150x44.png 150w, https:\/\/labocca.ee\/wp-content\/uploads\/2025\/10\/LaBocca-rong@4x-768x225.png 768w, https:\/\/labocca.ee\/wp-content\/uploads\/2025\/10\/LaBocca-rong@4x-1536x450.png 1536w, https:\/\/labocca.ee\/wp-content\/uploads\/2025\/10\/LaBocca-rong@4x-2048x600.png 2048w\" sizes=\"auto, (max-width: 800px) 100vw, 800px\" \/>\t\t\t\t\t\t\t\t\t\t\t\t\t\t\t<\/div>\n\t\t\t\t<\/div>\n\t\t\t\t<\/div>\n\t\t\t\t\t<\/div>\n\t\t\t\t<\/div>\n\t\t<div class=\"elementor-element elementor-element-b0ddbe1 e-flex e-con-boxed e-con e-parent\" data-id=\"b0ddbe1\" data-element_type=\"container\" data-e-type=\"container\" data-settings=\"{&quot;background_background&quot;:&quot;classic&quot;}\">\n\t\t\t\t\t<div class=\"e-con-inner\">\n\t\t\t\t<div class=\"elementor-element elementor-element-71a7a5b elementor-widget elementor-widget-text-editor\" data-id=\"71a7a5b\" data-element_type=\"widget\" data-e-type=\"widget\" data-widget_type=\"text-editor.default\">\n\t\t\t\t<div class=\"elementor-widget-container\">\n\t\t\t\t\t\t\t\t\t<strong>To make sure your preferred time and space are available, we recommend booking early. This way we can plan every detail together and create an evening perfectly tailored to your group.<\/strong>\t\t\t\t\t\t\t\t<\/div>\n\t\t\t\t<\/div>\n\t\t\t\t<div class=\"elementor-element elementor-element-3326437 elementor-invisible elementor-widget elementor-widget-heading\" data-id=\"3326437\" data-element_type=\"widget\" data-e-type=\"widget\" data-settings=\"{&quot;_animation&quot;:&quot;fadeInDown&quot;}\" data-widget_type=\"heading.default\">\n\t\t\t\t<div class=\"elementor-widget-container\">\n\t\t\t\t\t<h3 class=\"elementor-heading-title elementor-size-default\">Write or call us<\/h3>\t\t\t\t<\/div>\n\t\t\t\t<\/div>\n\t\t<div class=\"elementor-element elementor-element-c9b8664 animated-slow e-con-full e-flex elementor-invisible e-con e-child\" data-id=\"c9b8664\" data-element_type=\"container\" data-e-type=\"container\" data-settings=\"{&quot;animation&quot;:&quot;fadeIn&quot;,&quot;background_background&quot;:&quot;classic&quot;}\">\n\t\t<div class=\"elementor-element elementor-element-7e1a89f e-con-full e-flex e-con e-child\" data-id=\"7e1a89f\" data-element_type=\"container\" data-e-type=\"container\">\n\t\t\t\t<div class=\"elementor-element elementor-element-e2f020a elementor-tablet-align-center elementor-align-center elementor-mobile-align-center elementor-icon-list--layout-traditional elementor-list-item-link-full_width elementor-widget elementor-widget-icon-list\" data-id=\"e2f020a\" data-element_type=\"widget\" data-e-type=\"widget\" data-widget_type=\"icon-list.default\">\n\t\t\t\t<div class=\"elementor-widget-container\">\n\t\t\t\t\t\t\t<ul class=\"elementor-icon-list-items\">\n\t\t\t\t\t\t\t<li class=\"elementor-icon-list-item\">\n\t\t\t\t\t\t\t\t\t\t\t<a href=\"mailto:events@labocca.ee\">\n\n\t\t\t\t\t\t\t\t\t\t\t<span class=\"elementor-icon-list-text\"><b>Write:<\/b> events@labocca.ee<\/span>\n\t\t\t\t\t\t\t\t\t\t\t<\/a>\n\t\t\t\t\t\t\t\t\t<\/li>\n\t\t\t\t\t\t\t\t<li class=\"elementor-icon-list-item\">\n\t\t\t\t\t\t\t\t\t\t\t<a href=\"tel:+372%205460%200015\">\n\n\t\t\t\t\t\t\t\t\t\t\t<span class=\"elementor-icon-list-text\"><b>Restaurant:<\/b> +372 5460 0015<\/span>\n\t\t\t\t\t\t\t\t\t\t\t<\/a>\n\t\t\t\t\t\t\t\t\t<\/li>\n\t\t\t\t\t\t\t\t<li class=\"elementor-icon-list-item\">\n\t\t\t\t\t\t\t\t\t\t\t<a href=\"https:\/\/v2.tableonline.fi\/instabook\/bookings\/I8tIfFy\/selection\" target=\"_blank\" rel=\"noopener\">\n\n\t\t\t\t\t\t\t\t\t\t\t<span class=\"elementor-icon-list-text\"><b><u>Book a table<\/u><\/b> <\/span>\n\t\t\t\t\t\t\t\t\t\t\t<\/a>\n\t\t\t\t\t\t\t\t\t<\/li>\n\t\t\t\t\t\t<\/ul>\n\t\t\t\t\t\t<\/div>\n\t\t\t\t<\/div>\n\t\t\t\t<div class=\"elementor-element elementor-element-fa0415f elementor-widget elementor-widget-text-editor\" data-id=\"fa0415f\" data-element_type=\"widget\" data-e-type=\"widget\" data-widget_type=\"text-editor.default\">\n\t\t\t\t<div class=\"elementor-widget-container\">\n\t\t\t\t\t\t\t\t\t<p><strong>Let\u2019s talk through your ideas and wishes and create something truly special together! <\/strong><\/p>\t\t\t\t\t\t\t\t<\/div>\n\t\t\t\t<\/div>\n\t\t\t\t<\/div>\n\t\t\t\t<\/div>\n\t\t\t\t\t<\/div>\n\t\t\t\t<\/div>\n\t\t<div class=\"elementor-element elementor-element-327ed21 e-con-full e-flex e-con e-parent\" data-id=\"327ed21\" data-element_type=\"container\" data-e-type=\"container\">\n\t\t\t\t<div class=\"elementor-element elementor-element-d8a0d33 elementor-widget elementor-widget-google_maps\" data-id=\"d8a0d33\" data-element_type=\"widget\" data-e-type=\"widget\" data-widget_type=\"google_maps.default\">\n\t\t\t\t<div class=\"elementor-widget-container\">\n\t\t\t\t\t\t\t<div class=\"elementor-custom-embed\">\n\t\t\t<iframe loading=\"lazy\"\n\t\t\t\t\tsrc=\"https:\/\/maps.google.com\/maps?q=Ahtri%20tn%206&#038;t=m&#038;z=16&#038;output=embed&#038;iwloc=near\"\n\t\t\t\t\ttitle=\"Ahtri tn 6\"\n\t\t\t\t\taria-label=\"Ahtri tn 6\"\n\t\t\t><\/iframe>\n\t\t<\/div>\n\t\t\t\t\t\t<\/div>\n\t\t\t\t<\/div>\n\t\t\t\t<\/div>\n\t\t<div class=\"elementor-element elementor-element-31e63b1 e-flex e-con-boxed e-con e-parent\" data-id=\"31e63b1\" data-element_type=\"container\" data-e-type=\"container\" data-settings=\"{&quot;background_background&quot;:&quot;classic&quot;}\">\n\t\t\t\t\t<div class=\"e-con-inner\">\n\t\t<div class=\"elementor-element elementor-element-fd456a6 e-con-full e-flex e-con e-child\" data-id=\"fd456a6\" data-element_type=\"container\" data-e-type=\"container\">\n\t\t\t\t<div class=\"elementor-element elementor-element-bb0e60e elementor-invisible elementor-widget elementor-widget-heading\" data-id=\"bb0e60e\" data-element_type=\"widget\" data-e-type=\"widget\" data-settings=\"{&quot;_animation&quot;:&quot;fadeInDown&quot;}\" data-widget_type=\"heading.default\">\n\t\t\t\t<div class=\"elementor-widget-container\">\n\t\t\t\t\t<h3 class=\"elementor-heading-title elementor-size-default\">Italian restaurant LaBocca  <\/h3>\t\t\t\t<\/div>\n\t\t\t\t<\/div>\n\t\t\t\t<\/div>\n\t\t<div class=\"elementor-element elementor-element-4819d41 animated-slow e-con-full e-flex elementor-invisible e-con e-child\" data-id=\"4819d41\" data-element_type=\"container\" data-e-type=\"container\" data-settings=\"{&quot;animation&quot;:&quot;fadeIn&quot;,&quot;background_background&quot;:&quot;classic&quot;}\">\n\t\t<div class=\"elementor-element elementor-element-74cb470 e-con-full e-flex e-con e-child\" data-id=\"74cb470\" data-element_type=\"container\" data-e-type=\"container\">\n\t\t\t\t<div class=\"elementor-element elementor-element-ea7b8ba elementor-tablet-align-center elementor-align-center elementor-icon-list--layout-traditional elementor-list-item-link-full_width elementor-widget elementor-widget-icon-list\" data-id=\"ea7b8ba\" data-element_type=\"widget\" data-e-type=\"widget\" data-widget_type=\"icon-list.default\">\n\t\t\t\t<div class=\"elementor-widget-container\">\n\t\t\t\t\t\t\t<ul class=\"elementor-icon-list-items\">\n\t\t\t\t\t\t\t<li class=\"elementor-icon-list-item\">\n\t\t\t\t\t\t\t\t\t\t\t<a href=\"https:\/\/maps.app.goo.gl\/RmxJ4PyRjEV6cbPR8\" target=\"_blank\" rel=\"noopener\">\n\n\t\t\t\t\t\t\t\t\t\t\t<span class=\"elementor-icon-list-text\">Ahtri 6, Tallinn<\/span>\n\t\t\t\t\t\t\t\t\t\t\t<\/a>\n\t\t\t\t\t\t\t\t\t<\/li>\n\t\t\t\t\t\t<\/ul>\n\t\t\t\t\t\t<\/div>\n\t\t\t\t<\/div>\n\t\t\t\t<div class=\"elementor-element elementor-element-9532ce1 elementor-widget elementor-widget-image\" data-id=\"9532ce1\" data-element_type=\"widget\" data-e-type=\"widget\" data-widget_type=\"image.default\">\n\t\t\t\t<div class=\"elementor-widget-container\">\n\t\t\t\t\t\t\t\t\t\t\t\t\t\t\t<img loading=\"lazy\" decoding=\"async\" width=\"800\" height=\"534\" src=\"https:\/\/labocca.ee\/wp-content\/uploads\/2025\/07\/Golden-Gate.jpg\" class=\"attachment-large size-large wp-image-1051\" alt=\"\" srcset=\"https:\/\/labocca.ee\/wp-content\/uploads\/2025\/07\/Golden-Gate.jpg 1600w, https:\/\/labocca.ee\/wp-content\/uploads\/2025\/07\/Golden-Gate-300x200.jpg 300w, https:\/\/labocca.ee\/wp-content\/uploads\/2025\/07\/Golden-Gate-150x100.jpg 150w, https:\/\/labocca.ee\/wp-content\/uploads\/2025\/07\/Golden-Gate-768x512.jpg 768w, https:\/\/labocca.ee\/wp-content\/uploads\/2025\/07\/Golden-Gate-1536x1024.jpg 1536w\" sizes=\"auto, (max-width: 800px) 100vw, 800px\" \/>\t\t\t\t\t\t\t\t\t\t\t\t\t\t\t<\/div>\n\t\t\t\t<\/div>\n\t\t\t\t<div class=\"elementor-element elementor-element-7988a60 elementor-widget elementor-widget-text-editor\" data-id=\"7988a60\" data-element_type=\"widget\" data-e-type=\"widget\" data-widget_type=\"text-editor.default\">\n\t\t\t\t<div class=\"elementor-widget-container\">\n\t\t\t\t\t\t\t\t\t<p><strong>The Golden Gate building, just across the street from the Rotermann Quarter, facing the sea, next to Olerex.<\/strong><\/p>\t\t\t\t\t\t\t\t<\/div>\n\t\t\t\t<\/div>\n\t\t\t\t<\/div>\n\t\t\t\t<\/div>\n\t\t\t\t\t<\/div>\n\t\t\t\t<\/div>\n\t\t\t\t<\/div>\n\t\t","protected":false},"excerpt":{"rendered":"<p>Whether you are planning a corporate gathering, birthday celebration, seminar, conference, team event or any other special occasion, LaBocca offers an exceptional setting for unforgettable moments.<\/p>\n","protected":false},"author":2,"featured_media":1447,"parent":0,"menu_order":0,"comment_status":"closed","ping_status":"closed","template":"","meta":{"footnotes":""},"class_list":["post-1567","page","type-page","status-publish","has-post-thumbnail","hentry"],"_links":{"self":[{"href":"https:\/\/labocca.ee\/en\/wp-json\/wp\/v2\/pages\/1567","targetHints":{"allow":["GET"]}}],"collection":[{"href":"https:\/\/labocca.ee\/en\/wp-json\/wp\/v2\/pages"}],"about":[{"href":"https:\/\/labocca.ee\/en\/wp-json\/wp\/v2\/types\/page"}],"author":[{"embeddable":true,"href":"https:\/\/labocca.ee\/en\/wp-json\/wp\/v2\/users\/2"}],"replies":[{"embeddable":true,"href":"https:\/\/labocca.ee\/en\/wp-json\/wp\/v2\/comments?post=1567"}],"version-history":[{"count":2,"href":"https:\/\/labocca.ee\/en\/wp-json\/wp\/v2\/pages\/1567\/revisions"}],"predecessor-version":[{"id":1572,"href":"https:\/\/labocca.ee\/en\/wp-json\/wp\/v2\/pages\/1567\/revisions\/1572"}],"wp:featuredmedia":[{"embeddable":true,"href":"https:\/\/labocca.ee\/en\/wp-json\/wp\/v2\/media\/1447"}],"wp:attachment":[{"href":"https:\/\/labocca.ee\/en\/wp-json\/wp\/v2\/media?parent=1567"}],"curies":[{"name":"wp","href":"https:\/\/api.w.org\/{rel}","templated":true}]}}